{"id":62822,"date":"2020-05-12T15:58:05","date_gmt":"2020-05-12T15:58:05","guid":{"rendered":"https:\/\/angelruizquesada.com\/?page_id=62822"},"modified":"2021-10-26T11:07:35","modified_gmt":"2021-10-26T11:07:35","slug":"angel-ruiz-quesada","status":"publish","type":"page","link":"https:\/\/angelruizquesada.com\/borges\/angel-ruiz-quesada\/","title":{"rendered":"\u00c1ngel Ruiz Quesada"},"content":{"rendered":"<p class=\"dropcap-first\"><div class=\"fusion-fullwidth fullwidth-box fusion-builder-row-1 fusion-flex-container nonhundred-percent-fullwidth non-hundred-percent-height-scrolling\" style=\"background-color: #ffffff;background-position: center center;background-repeat: no-repeat;border-width: 0px 0px 0px 0px;border-color:#eae9e9;border-style:solid;\" ><div class=\"fusion-builder-row fusion-row fusion-flex-align-items-flex-start\" style=\"max-width:calc( 92% + 0px );margin-left: calc(-0px \/ 2 );margin-right: calc(-0px \/ 2 );\"><div class=\"fusion-layout-column fusion_builder_column fusion-builder-column-0 fusion_builder_column_1_1 1_1 fusion-flex-column\"><div class=\"fusion-column-wrapper fusion-flex-justify-content-flex-start fusion-content-layout-column\" style=\"background-position:left top;background-repeat:no-repeat;-webkit-background-size:cover;-moz-background-size:cover;-o-background-size:cover;background-size:cover;padding: 0px 0px 0px 0px;\"><div ><style>.fusion-imageframe.imageframe-1{ margin-top : 0px;margin-bottom : 40px;}<\/style><span class=\" fusion-imageframe imageframe-none imageframe-1 hover-type-zoomin\" style=\"border:8px solid #f6f6f6;border-radius:50px;\"><img fetchpriority=\"high\" fetchpriority=\"high\" decoding=\"async\" width=\"2560\" height=\"502\" title=\"cabecera angel\" src=\"data:image\/svg+xml,%3Csvg%20xmlns%3D%27http%3A%2F%2Fwww.w3.org%2F2000%2Fsvg%27%20width%3D%272560%27%20height%3D%27502%27%20viewBox%3D%270%200%202560%20502%27%3E%3Crect%20width%3D%272560%27%20height%3D%27502%27%20fill-opacity%3D%220%22%2F%3E%3C%2Fsvg%3E\" data-orig-src=\"https:\/\/angelruizquesada.com\/borges\/wp-content\/uploads\/2020\/05\/cabecera-angel-scaled.jpg\" alt class=\"lazyload img-responsive wp-image-62626\"\/><\/span><style type=\"text\/css\">.imageframe-1{filter: opacity(63%);transition: filter 0.3s ease;}.imageframe-1:hover{filter: opacity(100%);}<\/style><\/div><\/div><style type=\"text\/css\">.fusion-body .fusion-builder-column-0{width:100% !important;margin-top : 0px;margin-bottom : 0px;}.fusion-builder-column-0 > .fusion-column-wrapper {padding-top : 0px !important;padding-right : 0px !important;margin-right : 0px;padding-bottom : 0px !important;padding-left : 0px !important;margin-left : 0px;}@media only screen and (max-width:1024px) {.fusion-body .fusion-builder-column-0{width:100% !important;}.fusion-builder-column-0 > .fusion-column-wrapper {margin-right : 0px;margin-left : 0px;}}@media only screen and (max-width:640px) {.fusion-body .fusion-builder-column-0{width:100% !important;}.fusion-builder-column-0 > .fusion-column-wrapper {margin-right : 0px;margin-left : 0px;}}<\/style><\/div><\/div><style type=\"text\/css\">.fusion-body .fusion-flex-container.fusion-builder-row-1{ padding-top : 4%;margin-top : 0px;padding-right : 10%;padding-bottom : 4%;margin-bottom : 0px;padding-left : 10%;}<\/style><\/div><div class=\"fusion-fullwidth fullwidth-box fusion-builder-row-2 fusion-flex-container nonhundred-percent-fullwidth non-hundred-percent-height-scrolling\" style=\"background-color: #ffffff;background-position: center center;background-repeat: no-repeat;border-width: 0px 0px 0px 0px;border-color:#eae9e9;border-style:solid;\" ><div class=\"fusion-builder-row fusion-row fusion-flex-align-items-flex-start\" style=\"max-width:calc( 92% + 0px );margin-left: calc(-0px \/ 2 );margin-right: calc(-0px \/ 2 );\"><div class=\"fusion-layout-column fusion_builder_column fusion-builder-column-1 fusion_builder_column_1_1 1_1 fusion-flex-column\"><div class=\"fusion-column-wrapper fusion-flex-justify-content-flex-start fusion-content-layout-column\" style=\"background-position:left top;background-repeat:no-repeat;-webkit-background-size:cover;-moz-background-size:cover;-o-background-size:cover;background-size:cover;padding: 0px 0px 0px 0px;\"><div class=\"fusion-text fusion-text-1\"><p style=\"text-align: justify;\"><img decoding=\"async\" class=\"lazyload  wp-image-62816 alignleft\" src=\"https:\/\/angelruizquesada.com\/wp-content\/uploads\/2020\/05\/a.png\" data-orig-src=\"https:\/\/angelruizquesada.com\/wp-content\/uploads\/2020\/05\/a.png\" alt=\"\" width=\"98\" height=\"120\" srcset=\"data:image\/svg+xml,%3Csvg%20xmlns%3D%27http%3A%2F%2Fwww.w3.org%2F2000%2Fsvg%27%20width%3D%2798%27%20height%3D%27120%27%20viewBox%3D%270%200%2098%20120%27%3E%3Crect%20width%3D%2798%27%20height%3D%27120%27%20fill-opacity%3D%220%22%2F%3E%3C%2Fsvg%3E\" data-srcset=\"https:\/\/angelruizquesada.com\/borges\/wp-content\/uploads\/2020\/05\/a-244x300.png 244w, https:\/\/angelruizquesada.com\/borges\/wp-content\/uploads\/2020\/05\/a-324x400.png 324w, https:\/\/angelruizquesada.com\/borges\/wp-content\/uploads\/2020\/05\/a.png 569w\" data-sizes=\"auto\" data-orig-sizes=\"(max-width: 98px) 100vw, 98px\" \/><span style=\"font-family: 'trebuchet ms', geneva, sans-serif; font-size: 14pt;\"><strong>ngel Ruiz Quesada<\/strong>, naci\u00f3 el d\u00eda 21 de abril de 1944, en el barrio galdense de La Monta\u00f1a; concretamente en el n\u00famero dos de la calle Delgado (Camino de Santiago), frente a La Plaza del Calvario, donde hoy tiene su domicilio. Fueron sus padres, ambos ya fallecidos, Jos\u00e9 Ruiz Gonz\u00e1lez, mec\u00e1nico en la empresa de M\u00edster Leacock, y Guillermina Quesada Rodr\u00edguez, ama de casa.<\/span><\/p>\n<p style=\"text-align: justify;\"><span style=\"font-family: 'trebuchet ms', geneva, sans-serif; font-size: 14pt;\">Es el vigesimocuarto hijo de una familia humilde. Casado desde el 2 de junio de 1968 con Juana Molina Vega, conocida Agente de Viajes, comerciante y dise\u00f1adora de tejidos (La Casa de las Cortinas), de su matrimonio han nacido cinco hijas: Eva, D\u00e9bora, Raquel, Fayna y Andamana. Raquel le hizo abuelo desde el a\u00f1o 2009 con su nieto Daniel Gonz\u00e1lez Ruiz.<\/span><\/p>\n<p style=\"text-align: justify;\"><span style=\"font-family: 'trebuchet ms', geneva, sans-serif; font-size: 14pt;\">Despu\u00e9s de sus estudios primarios en la \u201cEscuela P\u00fablica\u201d de G\u00e1ldar (actualmente, Colegio Fernando Guanarteme), trabaj\u00f3 en varias empresas desde muy peque\u00f1o: de pinche en tres bares de \u201cLa oficina\u201d (a la entrada de la Ciudad). Con posterioridad con la Empresa F\u00e9lix Santiago Meli\u00e1n, S. L. como pe\u00f3n de la construcci\u00f3n. De molinero en el \u201cMolino de Bartolito\u201d, Bartolom\u00e9 Molina Santiago (donde conoci\u00f3 a la que hasta hoy es su mujer); Delegado de Insecticidas Canarios en G\u00e1ldar; Contable en \u201cMaderas Carlos L\u00f3pez\u201d y la multinacional COALCA (Comercial Alimenticia Canaria), en la que ocup\u00f3 la gerencia administrativa durante siete a\u00f1os. Al mismo tiempo, obten\u00eda el Graduado Escolar en la primera promoci\u00f3n nocturna del Colegio P\u00fablico Antonio Padr\u00f3n.<\/span><\/p>\n<p style=\"text-align: justify;\"><span style=\"font-family: 'trebuchet ms', geneva, sans-serif; font-size: 14pt;\">Es T\u00e9cnico en Relaciones Humanas por el Centro Superior de Relaciones P\u00fablicas de Canarias.<\/span><\/p>\n<p style=\"text-align: justify;\"><span style=\"font-family: 'trebuchet ms', geneva, sans-serif; font-size: 14pt;\">A los 39 a\u00f1os, curs\u00f3 y aprob\u00f3 el acceso a la Universidad para mayores de 25 a\u00f1os y, a los 46, obtuvo el t\u00edtulo universitario de Graduado Social por la Escuela Universitaria de Graduados Sociales de Santa Cruz de Tenerife.<\/span><\/p>\n<p style=\"text-align: justify;\"><span style=\"font-family: 'trebuchet ms', geneva, sans-serif; font-size: 14pt;\">Trabaj\u00f3 en La Junta de Canarias (etapa preauton\u00f3mica), y mediante oposici\u00f3n, se hizo funcionario de carrera de la Comunidad Aut\u00f3noma de Canarias. Ocup\u00f3 el cargo de Secretario Particular de diversos consejeros y viceconsejeros del Gobierno de Canarias durante doce a\u00f1os, el puesto de Gerente y Codirector del Centro de Arte La Regenta del Gobierno de Canarias durante once y, desde el 2001, prest\u00f3 sus servicios de Habilitado y Conservador del Palacio Rodr\u00edguez Quegles en la Direcci\u00f3n General de Patrimonio Hist\u00f3rico del Gobierno de Canarias hasta su jubilaci\u00f3n, de la que fue vocal titular del Consejo de Patrimonio Hist\u00f3rico de Canarias.<\/span><\/p>\n<p style=\"text-align: justify;\"><span style=\"font-family: 'trebuchet ms', geneva, sans-serif; font-size: 14pt;\">Desde el 6 de febrero de 2004 es representante de la Direcci\u00f3n General de Patrimonio Hist\u00f3rico del Gobierno de Canarias, como miembro titular en el Consejo Municipal de Patrimonio Hist\u00f3rico del Excelent\u00edsimo Ayuntamiento de G\u00e1ldar.<\/span><\/p>\n<p style=\"text-align: justify;\"><span style=\"font-family: 'trebuchet ms', geneva, sans-serif; font-size: 14pt;\">Entre 1989 y 1991 fue vicepresidente de la Asociaci\u00f3n Nacional de T\u00e9cnicos de Protocolo, asistiendo a numerosos cursos de dicha especialidad en varias Comunidades Aut\u00f3nomas.<\/span><\/p>\n<p style=\"text-align: justify;\"><span style=\"font-family: 'trebuchet ms', geneva, sans-serif; font-size: 14pt;\">Fue elegido concejal del Excelent\u00edsimo Ayuntamiento de G\u00e1ldar para las legislaturas de 1979 a 1983 y de 1995 a 1999.<\/span><\/p>\n<p style=\"text-align: justify;\"><span style=\"font-family: 'trebuchet ms', geneva, sans-serif; font-size: 14pt;\">Ha pregonado diversas fiestas populares del municipio; entre ellas, las <em>Fiestas Patronales de su ciudad en el a\u00f1o 2007, el cual, se public\u00f3 con el registro D.L.G.C. 294-07.<\/em><\/span><\/p>\n<p style=\"text-align: justify;\"><span style=\"font-family: 'trebuchet ms', geneva, sans-serif; font-size: 14pt;\">En 1960, en uni\u00f3n de Celso Mart\u00edn de Guzm\u00e1n fund\u00f3 y coordin\u00f3 el Grupo de Teatro Facaracas. Posteriormente, en 1971, fue el creador del Grupo de Teatro Aj\u00f3dar, del que sigue siendo su responsable. Ha participado en diversos cursos de convocatoria nacional sobre direcci\u00f3n esc\u00e9nica y de cine y televisi\u00f3n.<\/span><\/p>\n<p style=\"text-align: justify;\"><span style=\"font-family: 'trebuchet ms', geneva, sans-serif; font-size: 14pt;\">Las diversas realidades que se vinculan a la antigua capital de los Guanartemes de la Isla inspiran sus trabajos literarios, entre los que destaca: <em>El Auto de los Reyes Magos<\/em>, el cual, durante la puesta en escena, diecis\u00e9is a\u00f1os ininterrumpidos bajo su direcci\u00f3n, alcanz\u00f3 la nominaci\u00f3n como Bien de Inter\u00e9s Regional por el Gobierno de Canarias, publicado en el 2001 por la Fundaci\u00f3n Puertos de Las Palmas; \u201cArlequ\u00edn\u201d en<em> Escritos a Padr\u00f3n<\/em>, publicado por el Cabildo Insular de Gran Canaria y <em>La Ruta Escult\u00f3rica Borges Linares<\/em>, publicado en 2006 por las Direcciones Generales de Patrimonio Hist\u00f3rico y Promoci\u00f3n Educativa del Gobierno de Canarias para su distribuci\u00f3n en los centros de ense\u00f1anza media y superior, bibliotecas y asociaciones culturales, as\u00ed como en las Casas Canarias del extranjero. Estas mismas cuestiones de inter\u00e9s local motivan generalmente sus frecuentes colaboraciones en prensa, radio y televisi\u00f3n.<\/span><\/p>\n<p style=\"text-align: justify;\"><span style=\"font-family: 'trebuchet ms', geneva, sans-serif; font-size: 14pt;\">Actualmente, es miembro del Consejo de Direcci\u00f3n del Instituto Canario de Estudios Hist\u00f3ricos \u201cRey Fernando Guanarteme\u201d, siendo autor de uno de sus Cap\u00edtulos Extraordinarios, <em>\u201cLa Casa del Capit\u00e1n Quesada\u201d<\/em>. Tambi\u00e9n lo es de la \u00abAsociaci\u00f3n C\u00edvico Cultural Don Fernando Guanarteme, Rey Canario\u00bb y de la \u00abAsociaci\u00f3n Canaria de Coleccionistas Mar\u00edtimos\u00bb (ACCOMAR).<\/span><\/p>\n<p style=\"text-align: justify;\"><span style=\"font-family: 'trebuchet ms', geneva, sans-serif; font-size: 14pt;\">Por estar vinculado a m\u00faltiples manifestaciones en el terreno de las artes pl\u00e1sticas y en otras vertientes culturales y art\u00edsticas, fue galardonado en marzo de 2012 con el Premio Socio Cultural Puertos de Las Palmas.<\/span><\/p>\n<p style=\"text-align: justify;\"><span style=\"font-family: 'trebuchet ms', geneva, sans-serif; font-size: 14pt;\">En julio del 2015, publica <em>Apuntes para medio siglo de A\u00f1o Santo Jacobeo en G\u00e1ldar <\/em>(1965-2015) en Beginbook Ediciones.<\/span><\/p>\n<p style=\"text-align: justify;\"><span style=\"font-family: 'trebuchet ms', geneva, sans-serif; font-size: 14pt;\">En julio del 2016, publica <em>G\u00e1ldar y el Nuevo Mundo<\/em> en Beginbook Ediciones.<\/span><\/p>\n<p style=\"text-align: justify;\"><span style=\"font-family: 'trebuchet ms', geneva, sans-serif; font-size: 14pt;\">En julio del 2017, publica <em>El Capit\u00e1n Quesada, Al C\u00e9sar lo que es del C\u00e9sar <\/em>en Beginbook Ediciones.<\/span><\/p>\n<p style=\"text-align: justify;\"><span style=\"font-family: 'trebuchet ms', geneva, sans-serif; font-size: 14pt;\">En diciembre del 2018, publica <em>H\u00e1gase La Luz, en <\/em>Beginbook Ediciones.<\/span><\/p>\n<\/div><\/div><style type=\"text\/css\">.fusion-body .fusion-builder-column-1{width:100% !important;margin-top : 0px;margin-bottom : 0px;}.fusion-builder-column-1 > .fusion-column-wrapper {padding-top : 0px !important;padding-right : 0px !important;margin-right : 0px;padding-bottom : 0px !important;padding-left : 0px !important;margin-left : 0px;}@media only screen and (max-width:1024px) {.fusion-body .fusion-builder-column-1{width:100% !important;}.fusion-builder-column-1 > .fusion-column-wrapper {margin-right : 0px;margin-left : 0px;}}@media only screen and (max-width:640px) {.fusion-body .fusion-builder-column-1{width:100% !important;}.fusion-builder-column-1 > .fusion-column-wrapper {margin-right : 0px;margin-left : 0px;}}<\/style><\/div><\/div><style type=\"text\/css\">.fusion-body .fusion-flex-container.fusion-builder-row-2{ padding-top : 4%;margin-top : 0px;padding-right : 10%;padding-bottom : 4%;margin-bottom : 0px;padding-left : 10%;}<\/style><\/div><\/p>\n","protected":false},"excerpt":{"rendered":"","protected":false},"author":1,"featured_media":0,"parent":0,"menu_order":0,"comment_status":"closed","ping_status":"closed","template":"","meta":{"ngg_post_thumbnail":0,"footnotes":""},"class_list":["post-62822","page","type-page","status-publish","hentry"],"acf":[],"yoast_head":"<!-- This site is optimized with the Yoast SEO plugin v24.1 - https:\/\/yoast.com\/wordpress\/plugins\/seo\/ -->\n<title>\u00c1ngel Ruiz Quesada - El Rinconcito de Mis Cositas<\/title>\n<meta name=\"robots\" content=\"index, follow, max-snippet:-1, max-image-preview:large, max-video-preview:-1\" \/>\n<link rel=\"canonical\" href=\"https:\/\/angelruizquesada.com\/borges\/angel-ruiz-quesada\/\" \/>\n<meta property=\"og:locale\" content=\"es_ES\" \/>\n<meta property=\"og:type\" content=\"article\" \/>\n<meta property=\"og:title\" content=\"\u00c1ngel Ruiz Quesada - El Rinconcito de Mis Cositas\" \/>\n<meta property=\"og:url\" content=\"https:\/\/angelruizquesada.com\/borges\/angel-ruiz-quesada\/\" \/>\n<meta property=\"og:site_name\" content=\"El Rinconcito de Mis Cositas\" \/>\n<meta property=\"article:modified_time\" content=\"2021-10-26T11:07:35+00:00\" \/>\n<meta property=\"og:image\" content=\"https:\/\/angelruizquesada.com\/wp-content\/uploads\/2020\/05\/a.png\" \/>\n<meta name=\"twitter:card\" content=\"summary_large_image\" \/>\n<meta name=\"twitter:label1\" content=\"Tiempo de lectura\" \/>\n\t<meta name=\"twitter:data1\" content=\"5 minutos\" \/>\n<script type=\"application\/ld+json\" class=\"yoast-schema-graph\">{\"@context\":\"https:\/\/schema.org\",\"@graph\":[{\"@type\":\"WebPage\",\"@id\":\"https:\/\/angelruizquesada.com\/borges\/angel-ruiz-quesada\/\",\"url\":\"https:\/\/angelruizquesada.com\/borges\/angel-ruiz-quesada\/\",\"name\":\"\u00c1ngel Ruiz Quesada - El Rinconcito de Mis Cositas\",\"isPartOf\":{\"@id\":\"https:\/\/angelruizquesada.com\/borges\/#website\"},\"primaryImageOfPage\":{\"@id\":\"https:\/\/angelruizquesada.com\/borges\/angel-ruiz-quesada\/#primaryimage\"},\"image\":{\"@id\":\"https:\/\/angelruizquesada.com\/borges\/angel-ruiz-quesada\/#primaryimage\"},\"thumbnailUrl\":\"https:\/\/angelruizquesada.com\/wp-content\/uploads\/2020\/05\/a.png\",\"datePublished\":\"2020-05-12T15:58:05+00:00\",\"dateModified\":\"2021-10-26T11:07:35+00:00\",\"breadcrumb\":{\"@id\":\"https:\/\/angelruizquesada.com\/borges\/angel-ruiz-quesada\/#breadcrumb\"},\"inLanguage\":\"es\",\"potentialAction\":[{\"@type\":\"ReadAction\",\"target\":[\"https:\/\/angelruizquesada.com\/borges\/angel-ruiz-quesada\/\"]}]},{\"@type\":\"ImageObject\",\"inLanguage\":\"es\",\"@id\":\"https:\/\/angelruizquesada.com\/borges\/angel-ruiz-quesada\/#primaryimage\",\"url\":\"https:\/\/angelruizquesada.com\/wp-content\/uploads\/2020\/05\/a.png\",\"contentUrl\":\"https:\/\/angelruizquesada.com\/wp-content\/uploads\/2020\/05\/a.png\"},{\"@type\":\"BreadcrumbList\",\"@id\":\"https:\/\/angelruizquesada.com\/borges\/angel-ruiz-quesada\/#breadcrumb\",\"itemListElement\":[{\"@type\":\"ListItem\",\"position\":1,\"name\":\"Portada\",\"item\":\"https:\/\/angelruizquesada.com\/borges\/\"},{\"@type\":\"ListItem\",\"position\":2,\"name\":\"\u00c1ngel Ruiz Quesada\"}]},{\"@type\":\"WebSite\",\"@id\":\"https:\/\/angelruizquesada.com\/borges\/#website\",\"url\":\"https:\/\/angelruizquesada.com\/borges\/\",\"name\":\"El Rinconcito de Mis Cositas\",\"description\":\"Historia y Pol\u00edtica Social por \u00c1ngel Ruiz Quesada\",\"potentialAction\":[{\"@type\":\"SearchAction\",\"target\":{\"@type\":\"EntryPoint\",\"urlTemplate\":\"https:\/\/angelruizquesada.com\/borges\/?s={search_term_string}\"},\"query-input\":{\"@type\":\"PropertyValueSpecification\",\"valueRequired\":true,\"valueName\":\"search_term_string\"}}],\"inLanguage\":\"es\"}]}<\/script>\n<!-- \/ Yoast SEO plugin. -->","yoast_head_json":{"title":"\u00c1ngel Ruiz Quesada - El Rinconcito de Mis Cositas","robots":{"index":"index","follow":"follow","max-snippet":"max-snippet:-1","max-image-preview":"max-image-preview:large","max-video-preview":"max-video-preview:-1"},"canonical":"https:\/\/angelruizquesada.com\/borges\/angel-ruiz-quesada\/","og_locale":"es_ES","og_type":"article","og_title":"\u00c1ngel Ruiz Quesada - El Rinconcito de Mis Cositas","og_url":"https:\/\/angelruizquesada.com\/borges\/angel-ruiz-quesada\/","og_site_name":"El Rinconcito de Mis Cositas","article_modified_time":"2021-10-26T11:07:35+00:00","og_image":[{"url":"https:\/\/angelruizquesada.com\/wp-content\/uploads\/2020\/05\/a.png","type":"","width":"","height":""}],"twitter_card":"summary_large_image","twitter_misc":{"Tiempo de lectura":"5 minutos"},"schema":{"@context":"https:\/\/schema.org","@graph":[{"@type":"WebPage","@id":"https:\/\/angelruizquesada.com\/borges\/angel-ruiz-quesada\/","url":"https:\/\/angelruizquesada.com\/borges\/angel-ruiz-quesada\/","name":"\u00c1ngel Ruiz Quesada - El Rinconcito de Mis Cositas","isPartOf":{"@id":"https:\/\/angelruizquesada.com\/borges\/#website"},"primaryImageOfPage":{"@id":"https:\/\/angelruizquesada.com\/borges\/angel-ruiz-quesada\/#primaryimage"},"image":{"@id":"https:\/\/angelruizquesada.com\/borges\/angel-ruiz-quesada\/#primaryimage"},"thumbnailUrl":"https:\/\/angelruizquesada.com\/wp-content\/uploads\/2020\/05\/a.png","datePublished":"2020-05-12T15:58:05+00:00","dateModified":"2021-10-26T11:07:35+00:00","breadcrumb":{"@id":"https:\/\/angelruizquesada.com\/borges\/angel-ruiz-quesada\/#breadcrumb"},"inLanguage":"es","potentialAction":[{"@type":"ReadAction","target":["https:\/\/angelruizquesada.com\/borges\/angel-ruiz-quesada\/"]}]},{"@type":"ImageObject","inLanguage":"es","@id":"https:\/\/angelruizquesada.com\/borges\/angel-ruiz-quesada\/#primaryimage","url":"https:\/\/angelruizquesada.com\/wp-content\/uploads\/2020\/05\/a.png","contentUrl":"https:\/\/angelruizquesada.com\/wp-content\/uploads\/2020\/05\/a.png"},{"@type":"BreadcrumbList","@id":"https:\/\/angelruizquesada.com\/borges\/angel-ruiz-quesada\/#breadcrumb","itemListElement":[{"@type":"ListItem","position":1,"name":"Portada","item":"https:\/\/angelruizquesada.com\/borges\/"},{"@type":"ListItem","position":2,"name":"\u00c1ngel Ruiz Quesada"}]},{"@type":"WebSite","@id":"https:\/\/angelruizquesada.com\/borges\/#website","url":"https:\/\/angelruizquesada.com\/borges\/","name":"El Rinconcito de Mis Cositas","description":"Historia y Pol\u00edtica Social por \u00c1ngel Ruiz Quesada","potentialAction":[{"@type":"SearchAction","target":{"@type":"EntryPoint","urlTemplate":"https:\/\/angelruizquesada.com\/borges\/?s={search_term_string}"},"query-input":{"@type":"PropertyValueSpecification","valueRequired":true,"valueName":"search_term_string"}}],"inLanguage":"es"}]}},"_links":{"self":[{"href":"https:\/\/angelruizquesada.com\/borges\/wp-json\/wp\/v2\/pages\/62822","targetHints":{"allow":["GET"]}}],"collection":[{"href":"https:\/\/angelruizquesada.com\/borges\/wp-json\/wp\/v2\/pages"}],"about":[{"href":"https:\/\/angelruizquesada.com\/borges\/wp-json\/wp\/v2\/types\/page"}],"author":[{"embeddable":true,"href":"https:\/\/angelruizquesada.com\/borges\/wp-json\/wp\/v2\/users\/1"}],"replies":[{"embeddable":true,"href":"https:\/\/angelruizquesada.com\/borges\/wp-json\/wp\/v2\/comments?post=62822"}],"version-history":[{"count":13,"href":"https:\/\/angelruizquesada.com\/borges\/wp-json\/wp\/v2\/pages\/62822\/revisions"}],"predecessor-version":[{"id":63520,"href":"https:\/\/angelruizquesada.com\/borges\/wp-json\/wp\/v2\/pages\/62822\/revisions\/63520"}],"wp:attachment":[{"href":"https:\/\/angelruizquesada.com\/borges\/wp-json\/wp\/v2\/media?parent=62822"}],"curies":[{"name":"wp","href":"https:\/\/api.w.org\/{rel}","templated":true}]}}